{"id":936425,"date":"2018-07-24T11:35:35","date_gmt":"2018-07-24T11:35:35","guid":{"rendered":"https:\/\/gsdemo.srv02.ehero.es\/articulos-devueltos\/"},"modified":"2025-11-18T11:33:05","modified_gmt":"2025-11-18T11:33:05","slug":"articulos-devueltos","status":"publish","type":"page","link":"https:\/\/gsdemo.srv02.ehero.es\/es\/articulos-devueltos\/","title":{"rendered":"Art\u00edculos devueltos"},"content":{"rendered":"","protected":false},"excerpt":{"rendered":"","protected":false},"author":1,"featured_media":936421,"parent":0,"menu_order":43,"comment_status":"open","ping_status":"open","template":"","meta":{"footnotes":""},"class_list":["post-936425","page","type-page","status-publish","has-post-thumbnail","hentry"],"yoast_head":"<!-- This site is optimized with the Yoast SEO plugin v26.2 - https:\/\/yoast.com\/wordpress\/plugins\/seo\/ -->\n<title>Art\u00edculos devueltos - Gert Snel<\/title>\n<meta name=\"description\" content=\"Devuelva un art\u00edculo simplemente completando el formulario de devoluci\u00f3n en nuestro sitio web. Procesaremos su solicitud de devoluci\u00f3n lo antes posible.\" \/>\n<meta name=\"robots\" content=\"index, follow, max-snippet:-1, max-image-preview:large, max-video-preview:-1\" \/>\n<link rel=\"canonical\" href=\"https:\/\/gsdemo.srv02.ehero.es\/es\/articulos-devueltos\/\" \/>\n<meta property=\"og:locale\" content=\"es_ES\" \/>\n<meta property=\"og:type\" content=\"article\" \/>\n<meta property=\"og:title\" content=\"Art\u00edculos devueltos - Gert Snel\" \/>\n<meta property=\"og:description\" content=\"Devuelva un art\u00edculo simplemente completando el formulario de devoluci\u00f3n en nuestro sitio web. Procesaremos su solicitud de devoluci\u00f3n lo antes posible.\" \/>\n<meta property=\"og:url\" content=\"https:\/\/gsdemo.srv02.ehero.es\/es\/articulos-devueltos\/\" \/>\n<meta property=\"og:site_name\" content=\"Gert Snel\" \/>\n<meta property=\"article:modified_time\" content=\"2025-11-18T11:33:05+00:00\" \/>\n<meta property=\"og:image\" content=\"https:\/\/gsdemo.srv02.ehero.es\/wp-content\/uploads\/2025\/11\/zaterdag-scaled-e1624295355212.jpg\" \/>\n\t<meta property=\"og:image:width\" content=\"1920\" \/>\n\t<meta property=\"og:image:height\" content=\"1171\" \/>\n\t<meta property=\"og:image:type\" content=\"image\/jpeg\" \/>\n<meta name=\"twitter:card\" content=\"summary_large_image\" \/>\n<script type=\"application\/ld+json\" class=\"yoast-schema-graph\">{\"@context\":\"https:\/\/schema.org\",\"@graph\":[{\"@type\":\"WebPage\",\"@id\":\"https:\/\/gsdemo.srv02.ehero.es\/es\/articulos-devueltos\/\",\"url\":\"https:\/\/gsdemo.srv02.ehero.es\/es\/articulos-devueltos\/\",\"name\":\"Art\u00edculos devueltos - Gert Snel\",\"isPartOf\":{\"@id\":\"https:\/\/gsdemo.srv02.ehero.es\/es\/#website\"},\"primaryImageOfPage\":{\"@id\":\"https:\/\/gsdemo.srv02.ehero.es\/es\/articulos-devueltos\/#primaryimage\"},\"image\":{\"@id\":\"https:\/\/gsdemo.srv02.ehero.es\/es\/articulos-devueltos\/#primaryimage\"},\"thumbnailUrl\":\"https:\/\/gsdemo.srv02.ehero.es\/wp-content\/uploads\/2025\/11\/zaterdag-scaled-e1624295355212.jpg\",\"datePublished\":\"2018-07-24T11:35:35+00:00\",\"dateModified\":\"2025-11-18T11:33:05+00:00\",\"description\":\"Devuelva un art\u00edculo simplemente completando el formulario de devoluci\u00f3n en nuestro sitio web. Procesaremos su solicitud de devoluci\u00f3n lo antes posible.\",\"breadcrumb\":{\"@id\":\"https:\/\/gsdemo.srv02.ehero.es\/es\/articulos-devueltos\/#breadcrumb\"},\"inLanguage\":\"es\",\"potentialAction\":[{\"@type\":\"ReadAction\",\"target\":[\"https:\/\/gsdemo.srv02.ehero.es\/es\/articulos-devueltos\/\"]}]},{\"@type\":\"ImageObject\",\"inLanguage\":\"es\",\"@id\":\"https:\/\/gsdemo.srv02.ehero.es\/es\/articulos-devueltos\/#primaryimage\",\"url\":\"https:\/\/gsdemo.srv02.ehero.es\/wp-content\/uploads\/2025\/11\/zaterdag-scaled-e1624295355212.jpg\",\"contentUrl\":\"https:\/\/gsdemo.srv02.ehero.es\/wp-content\/uploads\/2025\/11\/zaterdag-scaled-e1624295355212.jpg\",\"width\":1920,\"height\":1171},{\"@type\":\"BreadcrumbList\",\"@id\":\"https:\/\/gsdemo.srv02.ehero.es\/es\/articulos-devueltos\/#breadcrumb\",\"itemListElement\":[{\"@type\":\"ListItem\",\"position\":1,\"name\":\"Home\",\"item\":\"https:\/\/gsdemo.srv02.ehero.es\/es\/home-3\/\"},{\"@type\":\"ListItem\",\"position\":2,\"name\":\"Art\u00edculos devueltos\"}]},{\"@type\":\"WebSite\",\"@id\":\"https:\/\/gsdemo.srv02.ehero.es\/es\/#website\",\"url\":\"https:\/\/gsdemo.srv02.ehero.es\/es\/\",\"name\":\"Gert Snel\",\"description\":\"\",\"potentialAction\":[{\"@type\":\"SearchAction\",\"target\":{\"@type\":\"EntryPoint\",\"urlTemplate\":\"https:\/\/gsdemo.srv02.ehero.es\/es\/?s={search_term_string}\"},\"query-input\":{\"@type\":\"PropertyValueSpecification\",\"valueRequired\":true,\"valueName\":\"search_term_string\"}}],\"inLanguage\":\"es\"}]}<\/script>\n<!-- \/ Yoast SEO plugin. -->","yoast_head_json":{"title":"Art\u00edculos devueltos - Gert Snel","description":"Devuelva un art\u00edculo simplemente completando el formulario de devoluci\u00f3n en nuestro sitio web. Procesaremos su solicitud de devoluci\u00f3n lo antes posible.","robots":{"index":"index","follow":"follow","max-snippet":"max-snippet:-1","max-image-preview":"max-image-preview:large","max-video-preview":"max-video-preview:-1"},"canonical":"https:\/\/gsdemo.srv02.ehero.es\/es\/articulos-devueltos\/","og_locale":"es_ES","og_type":"article","og_title":"Art\u00edculos devueltos - Gert Snel","og_description":"Devuelva un art\u00edculo simplemente completando el formulario de devoluci\u00f3n en nuestro sitio web. Procesaremos su solicitud de devoluci\u00f3n lo antes posible.","og_url":"https:\/\/gsdemo.srv02.ehero.es\/es\/articulos-devueltos\/","og_site_name":"Gert Snel","article_modified_time":"2025-11-18T11:33:05+00:00","og_image":[{"width":1920,"height":1171,"url":"https:\/\/gsdemo.srv02.ehero.es\/wp-content\/uploads\/2025\/11\/zaterdag-scaled-e1624295355212.jpg","type":"image\/jpeg"}],"twitter_card":"summary_large_image","schema":{"@context":"https:\/\/schema.org","@graph":[{"@type":"WebPage","@id":"https:\/\/gsdemo.srv02.ehero.es\/es\/articulos-devueltos\/","url":"https:\/\/gsdemo.srv02.ehero.es\/es\/articulos-devueltos\/","name":"Art\u00edculos devueltos - Gert Snel","isPartOf":{"@id":"https:\/\/gsdemo.srv02.ehero.es\/es\/#website"},"primaryImageOfPage":{"@id":"https:\/\/gsdemo.srv02.ehero.es\/es\/articulos-devueltos\/#primaryimage"},"image":{"@id":"https:\/\/gsdemo.srv02.ehero.es\/es\/articulos-devueltos\/#primaryimage"},"thumbnailUrl":"https:\/\/gsdemo.srv02.ehero.es\/wp-content\/uploads\/2025\/11\/zaterdag-scaled-e1624295355212.jpg","datePublished":"2018-07-24T11:35:35+00:00","dateModified":"2025-11-18T11:33:05+00:00","description":"Devuelva un art\u00edculo simplemente completando el formulario de devoluci\u00f3n en nuestro sitio web. Procesaremos su solicitud de devoluci\u00f3n lo antes posible.","breadcrumb":{"@id":"https:\/\/gsdemo.srv02.ehero.es\/es\/articulos-devueltos\/#breadcrumb"},"inLanguage":"es","potentialAction":[{"@type":"ReadAction","target":["https:\/\/gsdemo.srv02.ehero.es\/es\/articulos-devueltos\/"]}]},{"@type":"ImageObject","inLanguage":"es","@id":"https:\/\/gsdemo.srv02.ehero.es\/es\/articulos-devueltos\/#primaryimage","url":"https:\/\/gsdemo.srv02.ehero.es\/wp-content\/uploads\/2025\/11\/zaterdag-scaled-e1624295355212.jpg","contentUrl":"https:\/\/gsdemo.srv02.ehero.es\/wp-content\/uploads\/2025\/11\/zaterdag-scaled-e1624295355212.jpg","width":1920,"height":1171},{"@type":"BreadcrumbList","@id":"https:\/\/gsdemo.srv02.ehero.es\/es\/articulos-devueltos\/#breadcrumb","itemListElement":[{"@type":"ListItem","position":1,"name":"Home","item":"https:\/\/gsdemo.srv02.ehero.es\/es\/home-3\/"},{"@type":"ListItem","position":2,"name":"Art\u00edculos devueltos"}]},{"@type":"WebSite","@id":"https:\/\/gsdemo.srv02.ehero.es\/es\/#website","url":"https:\/\/gsdemo.srv02.ehero.es\/es\/","name":"Gert Snel","description":"","potentialAction":[{"@type":"SearchAction","target":{"@type":"EntryPoint","urlTemplate":"https:\/\/gsdemo.srv02.ehero.es\/es\/?s={search_term_string}"},"query-input":{"@type":"PropertyValueSpecification","valueRequired":true,"valueName":"search_term_string"}}],"inLanguage":"es"}]}},"_links":{"self":[{"href":"https:\/\/gsdemo.srv02.ehero.es\/es\/wp-json\/wp\/v2\/pages\/936425","targetHints":{"allow":["GET"]}}],"collection":[{"href":"https:\/\/gsdemo.srv02.ehero.es\/es\/wp-json\/wp\/v2\/pages"}],"about":[{"href":"https:\/\/gsdemo.srv02.ehero.es\/es\/wp-json\/wp\/v2\/types\/page"}],"author":[{"embeddable":true,"href":"https:\/\/gsdemo.srv02.ehero.es\/es\/wp-json\/wp\/v2\/users\/1"}],"replies":[{"embeddable":true,"href":"https:\/\/gsdemo.srv02.ehero.es\/es\/wp-json\/wp\/v2\/comments?post=936425"}],"version-history":[{"count":1,"href":"https:\/\/gsdemo.srv02.ehero.es\/es\/wp-json\/wp\/v2\/pages\/936425\/revisions"}],"predecessor-version":[{"id":936426,"href":"https:\/\/gsdemo.srv02.ehero.es\/es\/wp-json\/wp\/v2\/pages\/936425\/revisions\/936426"}],"wp:featuredmedia":[{"embeddable":true,"href":"https:\/\/gsdemo.srv02.ehero.es\/es\/wp-json\/wp\/v2\/media\/936421"}],"wp:attachment":[{"href":"https:\/\/gsdemo.srv02.ehero.es\/es\/wp-json\/wp\/v2\/media?parent=936425"}],"curies":[{"name":"wp","href":"https:\/\/api.w.org\/{rel}","templated":true}]}}