{"id":936390,"date":"2018-03-15T16:53:07","date_gmt":"2018-03-15T16:53:07","guid":{"rendered":"https:\/\/gsdemo.srv02.ehero.es\/inspiracion-de-estilo\/"},"modified":"2025-11-18T11:33:02","modified_gmt":"2025-11-18T11:33:02","slug":"inspiracion-de-estilo","status":"publish","type":"page","link":"https:\/\/gsdemo.srv02.ehero.es\/es\/inspiracion-de-estilo\/","title":{"rendered":"OUD-Inspiraci\u00f3n de estilo"},"content":{"rendered":"","protected":false},"excerpt":{"rendered":"","protected":false},"author":1,"featured_media":0,"parent":0,"menu_order":76,"comment_status":"open","ping_status":"open","template":"","meta":{"footnotes":""},"class_list":["post-936390","page","type-page","status-publish","hentry"],"yoast_head":"<!-- This site is optimized with the Yoast SEO plugin v26.2 - https:\/\/yoast.com\/wordpress\/plugins\/seo\/ -->\n<title>Inspiraci\u00f3n de estilo<\/title>\n<meta name=\"description\" content=\"Insp\u00edrese con los accesorios para el hogar y los muebles antiguos m\u00e1s bellos de Gert Snel Interiors al por mayor y cree su propio estilo distintivo.\" \/>\n<meta name=\"robots\" content=\"index, follow, max-snippet:-1, max-image-preview:large, max-video-preview:-1\" \/>\n<link rel=\"canonical\" href=\"https:\/\/gsdemo.srv02.ehero.es\/es\/inspiracion-de-estilo\/\" \/>\n<meta property=\"og:locale\" content=\"es_ES\" \/>\n<meta property=\"og:type\" content=\"article\" \/>\n<meta property=\"og:title\" content=\"Inspiraci\u00f3n de estilo\" \/>\n<meta property=\"og:description\" content=\"Insp\u00edrese con los accesorios para el hogar y los muebles antiguos m\u00e1s bellos de Gert Snel Interiors al por mayor y cree su propio estilo distintivo.\" \/>\n<meta property=\"og:url\" content=\"https:\/\/gsdemo.srv02.ehero.es\/es\/inspiracion-de-estilo\/\" \/>\n<meta property=\"og:site_name\" content=\"Gert Snel\" \/>\n<meta property=\"article:modified_time\" content=\"2025-11-18T11:33:02+00:00\" \/>\n<meta name=\"twitter:card\" content=\"summary_large_image\" \/>\n<script type=\"application\/ld+json\" class=\"yoast-schema-graph\">{\"@context\":\"https:\/\/schema.org\",\"@graph\":[{\"@type\":\"WebPage\",\"@id\":\"https:\/\/gsdemo.srv02.ehero.es\/es\/inspiracion-de-estilo\/\",\"url\":\"https:\/\/gsdemo.srv02.ehero.es\/es\/inspiracion-de-estilo\/\",\"name\":\"Inspiraci\u00f3n de estilo\",\"isPartOf\":{\"@id\":\"https:\/\/gsdemo.srv02.ehero.es\/es\/#website\"},\"datePublished\":\"2018-03-15T16:53:07+00:00\",\"dateModified\":\"2025-11-18T11:33:02+00:00\",\"description\":\"Insp\u00edrese con los accesorios para el hogar y los muebles antiguos m\u00e1s bellos de Gert Snel Interiors al por mayor y cree su propio estilo distintivo.\",\"breadcrumb\":{\"@id\":\"https:\/\/gsdemo.srv02.ehero.es\/es\/inspiracion-de-estilo\/#breadcrumb\"},\"inLanguage\":\"es\",\"potentialAction\":[{\"@type\":\"ReadAction\",\"target\":[\"https:\/\/gsdemo.srv02.ehero.es\/es\/inspiracion-de-estilo\/\"]}]},{\"@type\":\"BreadcrumbList\",\"@id\":\"https:\/\/gsdemo.srv02.ehero.es\/es\/inspiracion-de-estilo\/#breadcrumb\",\"itemListElement\":[{\"@type\":\"ListItem\",\"position\":1,\"name\":\"Home\",\"item\":\"https:\/\/gsdemo.srv02.ehero.es\/es\/home-3\/\"},{\"@type\":\"ListItem\",\"position\":2,\"name\":\"OUD-Inspiraci\u00f3n de estilo\"}]},{\"@type\":\"WebSite\",\"@id\":\"https:\/\/gsdemo.srv02.ehero.es\/es\/#website\",\"url\":\"https:\/\/gsdemo.srv02.ehero.es\/es\/\",\"name\":\"Gert Snel\",\"description\":\"\",\"potentialAction\":[{\"@type\":\"SearchAction\",\"target\":{\"@type\":\"EntryPoint\",\"urlTemplate\":\"https:\/\/gsdemo.srv02.ehero.es\/es\/?s={search_term_string}\"},\"query-input\":{\"@type\":\"PropertyValueSpecification\",\"valueRequired\":true,\"valueName\":\"search_term_string\"}}],\"inLanguage\":\"es\"}]}<\/script>\n<!-- \/ Yoast SEO plugin. -->","yoast_head_json":{"title":"Inspiraci\u00f3n de estilo","description":"Insp\u00edrese con los accesorios para el hogar y los muebles antiguos m\u00e1s bellos de Gert Snel Interiors al por mayor y cree su propio estilo distintivo.","robots":{"index":"index","follow":"follow","max-snippet":"max-snippet:-1","max-image-preview":"max-image-preview:large","max-video-preview":"max-video-preview:-1"},"canonical":"https:\/\/gsdemo.srv02.ehero.es\/es\/inspiracion-de-estilo\/","og_locale":"es_ES","og_type":"article","og_title":"Inspiraci\u00f3n de estilo","og_description":"Insp\u00edrese con los accesorios para el hogar y los muebles antiguos m\u00e1s bellos de Gert Snel Interiors al por mayor y cree su propio estilo distintivo.","og_url":"https:\/\/gsdemo.srv02.ehero.es\/es\/inspiracion-de-estilo\/","og_site_name":"Gert Snel","article_modified_time":"2025-11-18T11:33:02+00:00","twitter_card":"summary_large_image","schema":{"@context":"https:\/\/schema.org","@graph":[{"@type":"WebPage","@id":"https:\/\/gsdemo.srv02.ehero.es\/es\/inspiracion-de-estilo\/","url":"https:\/\/gsdemo.srv02.ehero.es\/es\/inspiracion-de-estilo\/","name":"Inspiraci\u00f3n de estilo","isPartOf":{"@id":"https:\/\/gsdemo.srv02.ehero.es\/es\/#website"},"datePublished":"2018-03-15T16:53:07+00:00","dateModified":"2025-11-18T11:33:02+00:00","description":"Insp\u00edrese con los accesorios para el hogar y los muebles antiguos m\u00e1s bellos de Gert Snel Interiors al por mayor y cree su propio estilo distintivo.","breadcrumb":{"@id":"https:\/\/gsdemo.srv02.ehero.es\/es\/inspiracion-de-estilo\/#breadcrumb"},"inLanguage":"es","potentialAction":[{"@type":"ReadAction","target":["https:\/\/gsdemo.srv02.ehero.es\/es\/inspiracion-de-estilo\/"]}]},{"@type":"BreadcrumbList","@id":"https:\/\/gsdemo.srv02.ehero.es\/es\/inspiracion-de-estilo\/#breadcrumb","itemListElement":[{"@type":"ListItem","position":1,"name":"Home","item":"https:\/\/gsdemo.srv02.ehero.es\/es\/home-3\/"},{"@type":"ListItem","position":2,"name":"OUD-Inspiraci\u00f3n de estilo"}]},{"@type":"WebSite","@id":"https:\/\/gsdemo.srv02.ehero.es\/es\/#website","url":"https:\/\/gsdemo.srv02.ehero.es\/es\/","name":"Gert Snel","description":"","potentialAction":[{"@type":"SearchAction","target":{"@type":"EntryPoint","urlTemplate":"https:\/\/gsdemo.srv02.ehero.es\/es\/?s={search_term_string}"},"query-input":{"@type":"PropertyValueSpecification","valueRequired":true,"valueName":"search_term_string"}}],"inLanguage":"es"}]}},"_links":{"self":[{"href":"https:\/\/gsdemo.srv02.ehero.es\/es\/wp-json\/wp\/v2\/pages\/936390","targetHints":{"allow":["GET"]}}],"collection":[{"href":"https:\/\/gsdemo.srv02.ehero.es\/es\/wp-json\/wp\/v2\/pages"}],"about":[{"href":"https:\/\/gsdemo.srv02.ehero.es\/es\/wp-json\/wp\/v2\/types\/page"}],"author":[{"embeddable":true,"href":"https:\/\/gsdemo.srv02.ehero.es\/es\/wp-json\/wp\/v2\/users\/1"}],"replies":[{"embeddable":true,"href":"https:\/\/gsdemo.srv02.ehero.es\/es\/wp-json\/wp\/v2\/comments?post=936390"}],"version-history":[{"count":1,"href":"https:\/\/gsdemo.srv02.ehero.es\/es\/wp-json\/wp\/v2\/pages\/936390\/revisions"}],"predecessor-version":[{"id":936391,"href":"https:\/\/gsdemo.srv02.ehero.es\/es\/wp-json\/wp\/v2\/pages\/936390\/revisions\/936391"}],"wp:attachment":[{"href":"https:\/\/gsdemo.srv02.ehero.es\/es\/wp-json\/wp\/v2\/media?parent=936390"}],"curies":[{"name":"wp","href":"https:\/\/api.w.org\/{rel}","templated":true}]}}