{"id":936386,"date":"2018-03-16T14:04:08","date_gmt":"2018-03-16T14:04:08","guid":{"rendered":"https:\/\/gsdemo.srv02.ehero.es\/inspiracion\/"},"modified":"2025-11-18T11:33:02","modified_gmt":"2025-11-18T11:33:02","slug":"inspiracion","status":"publish","type":"page","link":"https:\/\/gsdemo.srv02.ehero.es\/es\/inspiracion\/","title":{"rendered":"Inspiraci\u00f3n"},"content":{"rendered":"","protected":false},"excerpt":{"rendered":"","protected":false},"author":1,"featured_media":936382,"parent":0,"menu_order":66,"comment_status":"open","ping_status":"open","template":"","meta":{"footnotes":""},"class_list":["post-936386","page","type-page","status-publish","has-post-thumbnail","hentry"],"yoast_head":"<!-- This site is optimized with the Yoast SEO plugin v26.2 - https:\/\/yoast.com\/wordpress\/plugins\/seo\/ -->\n<title>Inspiraci\u00f3n - Gert Snel<\/title>\n<meta name=\"description\" content=\"Descubra Gert Snel Interiors al por mayor e insp\u00edrese con nuestra colecci\u00f3n, historias y tendencias de interiores.\" \/>\n<meta name=\"robots\" content=\"index, follow, max-snippet:-1, max-image-preview:large, max-video-preview:-1\" \/>\n<link rel=\"canonical\" href=\"https:\/\/gsdemo.srv02.ehero.es\/es\/inspiracion\/\" \/>\n<meta property=\"og:locale\" content=\"es_ES\" \/>\n<meta property=\"og:type\" content=\"article\" \/>\n<meta property=\"og:title\" content=\"Inspiraci\u00f3n - Gert Snel\" \/>\n<meta property=\"og:description\" content=\"Descubra Gert Snel Interiors al por mayor e insp\u00edrese con nuestra colecci\u00f3n, historias y tendencias de interiores.\" \/>\n<meta property=\"og:url\" content=\"https:\/\/gsdemo.srv02.ehero.es\/es\/inspiracion\/\" \/>\n<meta property=\"og:site_name\" content=\"Gert Snel\" \/>\n<meta property=\"article:modified_time\" content=\"2025-11-18T11:33:02+00:00\" \/>\n<meta property=\"og:image\" content=\"https:\/\/gsdemo.srv02.ehero.es\/wp-content\/uploads\/2025\/11\/20210617_104242-scaled-1.jpg\" \/>\n\t<meta property=\"og:image:width\" content=\"1920\" \/>\n\t<meta property=\"og:image:height\" content=\"1080\" \/>\n\t<meta property=\"og:image:type\" content=\"image\/jpeg\" \/>\n<meta name=\"twitter:card\" content=\"summary_large_image\" \/>\n<script type=\"application\/ld+json\" class=\"yoast-schema-graph\">{\"@context\":\"https:\/\/schema.org\",\"@graph\":[{\"@type\":\"WebPage\",\"@id\":\"https:\/\/gsdemo.srv02.ehero.es\/es\/inspiracion\/\",\"url\":\"https:\/\/gsdemo.srv02.ehero.es\/es\/inspiracion\/\",\"name\":\"Inspiraci\u00f3n - Gert Snel\",\"isPartOf\":{\"@id\":\"https:\/\/gsdemo.srv02.ehero.es\/es\/#website\"},\"primaryImageOfPage\":{\"@id\":\"https:\/\/gsdemo.srv02.ehero.es\/es\/inspiracion\/#primaryimage\"},\"image\":{\"@id\":\"https:\/\/gsdemo.srv02.ehero.es\/es\/inspiracion\/#primaryimage\"},\"thumbnailUrl\":\"https:\/\/gsdemo.srv02.ehero.es\/wp-content\/uploads\/2025\/11\/20210617_104242-scaled-1.jpg\",\"datePublished\":\"2018-03-16T14:04:08+00:00\",\"dateModified\":\"2025-11-18T11:33:02+00:00\",\"description\":\"Descubra Gert Snel Interiors al por mayor e insp\u00edrese con nuestra colecci\u00f3n, historias y tendencias de interiores.\",\"breadcrumb\":{\"@id\":\"https:\/\/gsdemo.srv02.ehero.es\/es\/inspiracion\/#breadcrumb\"},\"inLanguage\":\"es\",\"potentialAction\":[{\"@type\":\"ReadAction\",\"target\":[\"https:\/\/gsdemo.srv02.ehero.es\/es\/inspiracion\/\"]}]},{\"@type\":\"ImageObject\",\"inLanguage\":\"es\",\"@id\":\"https:\/\/gsdemo.srv02.ehero.es\/es\/inspiracion\/#primaryimage\",\"url\":\"https:\/\/gsdemo.srv02.ehero.es\/wp-content\/uploads\/2025\/11\/20210617_104242-scaled-1.jpg\",\"contentUrl\":\"https:\/\/gsdemo.srv02.ehero.es\/wp-content\/uploads\/2025\/11\/20210617_104242-scaled-1.jpg\",\"width\":1920,\"height\":1080},{\"@type\":\"BreadcrumbList\",\"@id\":\"https:\/\/gsdemo.srv02.ehero.es\/es\/inspiracion\/#breadcrumb\",\"itemListElement\":[{\"@type\":\"ListItem\",\"position\":1,\"name\":\"Home\",\"item\":\"https:\/\/gsdemo.srv02.ehero.es\/es\/home-3\/\"},{\"@type\":\"ListItem\",\"position\":2,\"name\":\"Inspiraci\u00f3n\"}]},{\"@type\":\"WebSite\",\"@id\":\"https:\/\/gsdemo.srv02.ehero.es\/es\/#website\",\"url\":\"https:\/\/gsdemo.srv02.ehero.es\/es\/\",\"name\":\"Gert Snel\",\"description\":\"\",\"potentialAction\":[{\"@type\":\"SearchAction\",\"target\":{\"@type\":\"EntryPoint\",\"urlTemplate\":\"https:\/\/gsdemo.srv02.ehero.es\/es\/?s={search_term_string}\"},\"query-input\":{\"@type\":\"PropertyValueSpecification\",\"valueRequired\":true,\"valueName\":\"search_term_string\"}}],\"inLanguage\":\"es\"}]}<\/script>\n<!-- \/ Yoast SEO plugin. -->","yoast_head_json":{"title":"Inspiraci\u00f3n - Gert Snel","description":"Descubra Gert Snel Interiors al por mayor e insp\u00edrese con nuestra colecci\u00f3n, historias y tendencias de interiores.","robots":{"index":"index","follow":"follow","max-snippet":"max-snippet:-1","max-image-preview":"max-image-preview:large","max-video-preview":"max-video-preview:-1"},"canonical":"https:\/\/gsdemo.srv02.ehero.es\/es\/inspiracion\/","og_locale":"es_ES","og_type":"article","og_title":"Inspiraci\u00f3n - Gert Snel","og_description":"Descubra Gert Snel Interiors al por mayor e insp\u00edrese con nuestra colecci\u00f3n, historias y tendencias de interiores.","og_url":"https:\/\/gsdemo.srv02.ehero.es\/es\/inspiracion\/","og_site_name":"Gert Snel","article_modified_time":"2025-11-18T11:33:02+00:00","og_image":[{"width":1920,"height":1080,"url":"https:\/\/gsdemo.srv02.ehero.es\/wp-content\/uploads\/2025\/11\/20210617_104242-scaled-1.jpg","type":"image\/jpeg"}],"twitter_card":"summary_large_image","schema":{"@context":"https:\/\/schema.org","@graph":[{"@type":"WebPage","@id":"https:\/\/gsdemo.srv02.ehero.es\/es\/inspiracion\/","url":"https:\/\/gsdemo.srv02.ehero.es\/es\/inspiracion\/","name":"Inspiraci\u00f3n - Gert Snel","isPartOf":{"@id":"https:\/\/gsdemo.srv02.ehero.es\/es\/#website"},"primaryImageOfPage":{"@id":"https:\/\/gsdemo.srv02.ehero.es\/es\/inspiracion\/#primaryimage"},"image":{"@id":"https:\/\/gsdemo.srv02.ehero.es\/es\/inspiracion\/#primaryimage"},"thumbnailUrl":"https:\/\/gsdemo.srv02.ehero.es\/wp-content\/uploads\/2025\/11\/20210617_104242-scaled-1.jpg","datePublished":"2018-03-16T14:04:08+00:00","dateModified":"2025-11-18T11:33:02+00:00","description":"Descubra Gert Snel Interiors al por mayor e insp\u00edrese con nuestra colecci\u00f3n, historias y tendencias de interiores.","breadcrumb":{"@id":"https:\/\/gsdemo.srv02.ehero.es\/es\/inspiracion\/#breadcrumb"},"inLanguage":"es","potentialAction":[{"@type":"ReadAction","target":["https:\/\/gsdemo.srv02.ehero.es\/es\/inspiracion\/"]}]},{"@type":"ImageObject","inLanguage":"es","@id":"https:\/\/gsdemo.srv02.ehero.es\/es\/inspiracion\/#primaryimage","url":"https:\/\/gsdemo.srv02.ehero.es\/wp-content\/uploads\/2025\/11\/20210617_104242-scaled-1.jpg","contentUrl":"https:\/\/gsdemo.srv02.ehero.es\/wp-content\/uploads\/2025\/11\/20210617_104242-scaled-1.jpg","width":1920,"height":1080},{"@type":"BreadcrumbList","@id":"https:\/\/gsdemo.srv02.ehero.es\/es\/inspiracion\/#breadcrumb","itemListElement":[{"@type":"ListItem","position":1,"name":"Home","item":"https:\/\/gsdemo.srv02.ehero.es\/es\/home-3\/"},{"@type":"ListItem","position":2,"name":"Inspiraci\u00f3n"}]},{"@type":"WebSite","@id":"https:\/\/gsdemo.srv02.ehero.es\/es\/#website","url":"https:\/\/gsdemo.srv02.ehero.es\/es\/","name":"Gert Snel","description":"","potentialAction":[{"@type":"SearchAction","target":{"@type":"EntryPoint","urlTemplate":"https:\/\/gsdemo.srv02.ehero.es\/es\/?s={search_term_string}"},"query-input":{"@type":"PropertyValueSpecification","valueRequired":true,"valueName":"search_term_string"}}],"inLanguage":"es"}]}},"_links":{"self":[{"href":"https:\/\/gsdemo.srv02.ehero.es\/es\/wp-json\/wp\/v2\/pages\/936386","targetHints":{"allow":["GET"]}}],"collection":[{"href":"https:\/\/gsdemo.srv02.ehero.es\/es\/wp-json\/wp\/v2\/pages"}],"about":[{"href":"https:\/\/gsdemo.srv02.ehero.es\/es\/wp-json\/wp\/v2\/types\/page"}],"author":[{"embeddable":true,"href":"https:\/\/gsdemo.srv02.ehero.es\/es\/wp-json\/wp\/v2\/users\/1"}],"replies":[{"embeddable":true,"href":"https:\/\/gsdemo.srv02.ehero.es\/es\/wp-json\/wp\/v2\/comments?post=936386"}],"version-history":[{"count":1,"href":"https:\/\/gsdemo.srv02.ehero.es\/es\/wp-json\/wp\/v2\/pages\/936386\/revisions"}],"predecessor-version":[{"id":936387,"href":"https:\/\/gsdemo.srv02.ehero.es\/es\/wp-json\/wp\/v2\/pages\/936386\/revisions\/936387"}],"wp:featuredmedia":[{"embeddable":true,"href":"https:\/\/gsdemo.srv02.ehero.es\/es\/wp-json\/wp\/v2\/media\/936382"}],"wp:attachment":[{"href":"https:\/\/gsdemo.srv02.ehero.es\/es\/wp-json\/wp\/v2\/media?parent=936386"}],"curies":[{"name":"wp","href":"https:\/\/api.w.org\/{rel}","templated":true}]}}