{"id":936309,"date":"2018-03-16T14:38:04","date_gmt":"2018-03-16T14:38:04","guid":{"rendered":"https:\/\/gsdemo.srv02.ehero.es\/contactar\/"},"modified":"2025-11-18T11:32:57","modified_gmt":"2025-11-18T11:32:57","slug":"contactar","status":"publish","type":"page","link":"https:\/\/gsdemo.srv02.ehero.es\/es\/contactar\/","title":{"rendered":"Contactar"},"content":{"rendered":"","protected":false},"excerpt":{"rendered":"","protected":false},"author":1,"featured_media":936243,"parent":0,"menu_order":50,"comment_status":"open","ping_status":"open","template":"","meta":{"footnotes":""},"class_list":["post-936309","page","type-page","status-publish","has-post-thumbnail","hentry"],"yoast_head":"<!-- This site is optimized with the Yoast SEO plugin v26.2 - https:\/\/yoast.com\/wordpress\/plugins\/seo\/ -->\n<title>Contactar - Gert Snel<\/title>\n<meta name=\"description\" content=\"P\u00f3ngase en contacto con nosotros por tel\u00e9fono o correo electr\u00f3nico o visite nuestra sala de exposici\u00f3n de lunes a viernes de 08:00 a 17:00. \u00a1Nos complace brindarle asesoramiento personal!\" \/>\n<meta name=\"robots\" content=\"index, follow, max-snippet:-1, max-image-preview:large, max-video-preview:-1\" \/>\n<link rel=\"canonical\" href=\"https:\/\/gsdemo.srv02.ehero.es\/es\/contactar\/\" \/>\n<meta property=\"og:locale\" content=\"es_ES\" \/>\n<meta property=\"og:type\" content=\"article\" \/>\n<meta property=\"og:title\" content=\"Contactar - Gert Snel\" \/>\n<meta property=\"og:description\" content=\"P\u00f3ngase en contacto con nosotros por tel\u00e9fono o correo electr\u00f3nico o visite nuestra sala de exposici\u00f3n de lunes a viernes de 08:00 a 17:00. \u00a1Nos complace brindarle asesoramiento personal!\" \/>\n<meta property=\"og:url\" content=\"https:\/\/gsdemo.srv02.ehero.es\/es\/contactar\/\" \/>\n<meta property=\"og:site_name\" content=\"Gert Snel\" \/>\n<meta property=\"article:modified_time\" content=\"2025-11-18T11:32:57+00:00\" \/>\n<meta property=\"og:image\" content=\"https:\/\/gsdemo.srv02.ehero.es\/wp-content\/uploads\/2025\/11\/Web_MG_2482-HDR.jpg\" \/>\n\t<meta property=\"og:image:width\" content=\"1960\" \/>\n\t<meta property=\"og:image:height\" content=\"612\" \/>\n\t<meta property=\"og:image:type\" content=\"image\/jpeg\" \/>\n<meta name=\"twitter:card\" content=\"summary_large_image\" \/>\n<script type=\"application\/ld+json\" class=\"yoast-schema-graph\">{\"@context\":\"https:\/\/schema.org\",\"@graph\":[{\"@type\":\"WebPage\",\"@id\":\"https:\/\/gsdemo.srv02.ehero.es\/es\/contactar\/\",\"url\":\"https:\/\/gsdemo.srv02.ehero.es\/es\/contactar\/\",\"name\":\"Contactar - Gert Snel\",\"isPartOf\":{\"@id\":\"https:\/\/gsdemo.srv02.ehero.es\/es\/#website\"},\"primaryImageOfPage\":{\"@id\":\"https:\/\/gsdemo.srv02.ehero.es\/es\/contactar\/#primaryimage\"},\"image\":{\"@id\":\"https:\/\/gsdemo.srv02.ehero.es\/es\/contactar\/#primaryimage\"},\"thumbnailUrl\":\"https:\/\/gsdemo.srv02.ehero.es\/wp-content\/uploads\/2025\/11\/Web_MG_2482-HDR.jpg\",\"datePublished\":\"2018-03-16T14:38:04+00:00\",\"dateModified\":\"2025-11-18T11:32:57+00:00\",\"description\":\"P\u00f3ngase en contacto con nosotros por tel\u00e9fono o correo electr\u00f3nico o visite nuestra sala de exposici\u00f3n de lunes a viernes de 08:00 a 17:00. \u00a1Nos complace brindarle asesoramiento personal!\",\"breadcrumb\":{\"@id\":\"https:\/\/gsdemo.srv02.ehero.es\/es\/contactar\/#breadcrumb\"},\"inLanguage\":\"es\",\"potentialAction\":[{\"@type\":\"ReadAction\",\"target\":[\"https:\/\/gsdemo.srv02.ehero.es\/es\/contactar\/\"]}]},{\"@type\":\"ImageObject\",\"inLanguage\":\"es\",\"@id\":\"https:\/\/gsdemo.srv02.ehero.es\/es\/contactar\/#primaryimage\",\"url\":\"https:\/\/gsdemo.srv02.ehero.es\/wp-content\/uploads\/2025\/11\/Web_MG_2482-HDR.jpg\",\"contentUrl\":\"https:\/\/gsdemo.srv02.ehero.es\/wp-content\/uploads\/2025\/11\/Web_MG_2482-HDR.jpg\",\"width\":1960,\"height\":612},{\"@type\":\"BreadcrumbList\",\"@id\":\"https:\/\/gsdemo.srv02.ehero.es\/es\/contactar\/#breadcrumb\",\"itemListElement\":[{\"@type\":\"ListItem\",\"position\":1,\"name\":\"Home\",\"item\":\"https:\/\/gsdemo.srv02.ehero.es\/es\/home-3\/\"},{\"@type\":\"ListItem\",\"position\":2,\"name\":\"Contactar\"}]},{\"@type\":\"WebSite\",\"@id\":\"https:\/\/gsdemo.srv02.ehero.es\/es\/#website\",\"url\":\"https:\/\/gsdemo.srv02.ehero.es\/es\/\",\"name\":\"Gert Snel\",\"description\":\"\",\"potentialAction\":[{\"@type\":\"SearchAction\",\"target\":{\"@type\":\"EntryPoint\",\"urlTemplate\":\"https:\/\/gsdemo.srv02.ehero.es\/es\/?s={search_term_string}\"},\"query-input\":{\"@type\":\"PropertyValueSpecification\",\"valueRequired\":true,\"valueName\":\"search_term_string\"}}],\"inLanguage\":\"es\"}]}<\/script>\n<!-- \/ Yoast SEO plugin. -->","yoast_head_json":{"title":"Contactar - Gert Snel","description":"P\u00f3ngase en contacto con nosotros por tel\u00e9fono o correo electr\u00f3nico o visite nuestra sala de exposici\u00f3n de lunes a viernes de 08:00 a 17:00. \u00a1Nos complace brindarle asesoramiento personal!","robots":{"index":"index","follow":"follow","max-snippet":"max-snippet:-1","max-image-preview":"max-image-preview:large","max-video-preview":"max-video-preview:-1"},"canonical":"https:\/\/gsdemo.srv02.ehero.es\/es\/contactar\/","og_locale":"es_ES","og_type":"article","og_title":"Contactar - Gert Snel","og_description":"P\u00f3ngase en contacto con nosotros por tel\u00e9fono o correo electr\u00f3nico o visite nuestra sala de exposici\u00f3n de lunes a viernes de 08:00 a 17:00. \u00a1Nos complace brindarle asesoramiento personal!","og_url":"https:\/\/gsdemo.srv02.ehero.es\/es\/contactar\/","og_site_name":"Gert Snel","article_modified_time":"2025-11-18T11:32:57+00:00","og_image":[{"width":1960,"height":612,"url":"https:\/\/gsdemo.srv02.ehero.es\/wp-content\/uploads\/2025\/11\/Web_MG_2482-HDR.jpg","type":"image\/jpeg"}],"twitter_card":"summary_large_image","schema":{"@context":"https:\/\/schema.org","@graph":[{"@type":"WebPage","@id":"https:\/\/gsdemo.srv02.ehero.es\/es\/contactar\/","url":"https:\/\/gsdemo.srv02.ehero.es\/es\/contactar\/","name":"Contactar - Gert Snel","isPartOf":{"@id":"https:\/\/gsdemo.srv02.ehero.es\/es\/#website"},"primaryImageOfPage":{"@id":"https:\/\/gsdemo.srv02.ehero.es\/es\/contactar\/#primaryimage"},"image":{"@id":"https:\/\/gsdemo.srv02.ehero.es\/es\/contactar\/#primaryimage"},"thumbnailUrl":"https:\/\/gsdemo.srv02.ehero.es\/wp-content\/uploads\/2025\/11\/Web_MG_2482-HDR.jpg","datePublished":"2018-03-16T14:38:04+00:00","dateModified":"2025-11-18T11:32:57+00:00","description":"P\u00f3ngase en contacto con nosotros por tel\u00e9fono o correo electr\u00f3nico o visite nuestra sala de exposici\u00f3n de lunes a viernes de 08:00 a 17:00. \u00a1Nos complace brindarle asesoramiento personal!","breadcrumb":{"@id":"https:\/\/gsdemo.srv02.ehero.es\/es\/contactar\/#breadcrumb"},"inLanguage":"es","potentialAction":[{"@type":"ReadAction","target":["https:\/\/gsdemo.srv02.ehero.es\/es\/contactar\/"]}]},{"@type":"ImageObject","inLanguage":"es","@id":"https:\/\/gsdemo.srv02.ehero.es\/es\/contactar\/#primaryimage","url":"https:\/\/gsdemo.srv02.ehero.es\/wp-content\/uploads\/2025\/11\/Web_MG_2482-HDR.jpg","contentUrl":"https:\/\/gsdemo.srv02.ehero.es\/wp-content\/uploads\/2025\/11\/Web_MG_2482-HDR.jpg","width":1960,"height":612},{"@type":"BreadcrumbList","@id":"https:\/\/gsdemo.srv02.ehero.es\/es\/contactar\/#breadcrumb","itemListElement":[{"@type":"ListItem","position":1,"name":"Home","item":"https:\/\/gsdemo.srv02.ehero.es\/es\/home-3\/"},{"@type":"ListItem","position":2,"name":"Contactar"}]},{"@type":"WebSite","@id":"https:\/\/gsdemo.srv02.ehero.es\/es\/#website","url":"https:\/\/gsdemo.srv02.ehero.es\/es\/","name":"Gert Snel","description":"","potentialAction":[{"@type":"SearchAction","target":{"@type":"EntryPoint","urlTemplate":"https:\/\/gsdemo.srv02.ehero.es\/es\/?s={search_term_string}"},"query-input":{"@type":"PropertyValueSpecification","valueRequired":true,"valueName":"search_term_string"}}],"inLanguage":"es"}]}},"_links":{"self":[{"href":"https:\/\/gsdemo.srv02.ehero.es\/es\/wp-json\/wp\/v2\/pages\/936309","targetHints":{"allow":["GET"]}}],"collection":[{"href":"https:\/\/gsdemo.srv02.ehero.es\/es\/wp-json\/wp\/v2\/pages"}],"about":[{"href":"https:\/\/gsdemo.srv02.ehero.es\/es\/wp-json\/wp\/v2\/types\/page"}],"author":[{"embeddable":true,"href":"https:\/\/gsdemo.srv02.ehero.es\/es\/wp-json\/wp\/v2\/users\/1"}],"replies":[{"embeddable":true,"href":"https:\/\/gsdemo.srv02.ehero.es\/es\/wp-json\/wp\/v2\/comments?post=936309"}],"version-history":[{"count":1,"href":"https:\/\/gsdemo.srv02.ehero.es\/es\/wp-json\/wp\/v2\/pages\/936309\/revisions"}],"predecessor-version":[{"id":936312,"href":"https:\/\/gsdemo.srv02.ehero.es\/es\/wp-json\/wp\/v2\/pages\/936309\/revisions\/936312"}],"wp:featuredmedia":[{"embeddable":true,"href":"https:\/\/gsdemo.srv02.ehero.es\/es\/wp-json\/wp\/v2\/media\/936243"}],"wp:attachment":[{"href":"https:\/\/gsdemo.srv02.ehero.es\/es\/wp-json\/wp\/v2\/media?parent=936309"}],"curies":[{"name":"wp","href":"https:\/\/api.w.org\/{rel}","templated":true}]}}