{"id":936695,"date":"2018-10-23T19:47:38","date_gmt":"2018-10-23T19:47:38","guid":{"rendered":"https:\/\/gsdemo.srv02.ehero.es\/grosshandel-teakholzmobel\/"},"modified":"2025-11-18T11:33:13","modified_gmt":"2025-11-18T11:33:13","slug":"grosshandel-teakholzmobel","status":"publish","type":"page","link":"https:\/\/gsdemo.srv02.ehero.es\/de\/grosshandel-teakholzmobel\/","title":{"rendered":"Gro\u00dfhandel teakholzm\u00f6bel"},"content":{"rendered":"","protected":false},"excerpt":{"rendered":"","protected":false},"author":1,"featured_media":0,"parent":0,"menu_order":1,"comment_status":"open","ping_status":"open","template":"","meta":{"footnotes":""},"class_list":["post-936695","page","type-page","status-publish","hentry"],"yoast_head":"<!-- This site is optimized with the Yoast SEO plugin v26.2 - https:\/\/yoast.com\/wordpress\/plugins\/seo\/ -->\n<title>Gro\u00dfhandel teakholzm\u00f6bel - Gert Snel<\/title>\n<meta name=\"description\" content=\"Teakholzm\u00f6bel k\u00f6nnen Sie beim M\u00f6belgro\u00dfh\u00e4ndler Gert Snel Interiors einkaufen. T\u00e4glich neue Artikel, immer unverwechselbar.\" \/>\n<meta name=\"robots\" content=\"index, follow, max-snippet:-1, max-image-preview:large, max-video-preview:-1\" \/>\n<link rel=\"canonical\" href=\"https:\/\/gsdemo.srv02.ehero.es\/de\/grosshandel-teakholzmobel\/\" \/>\n<meta property=\"og:locale\" content=\"de_DE\" \/>\n<meta property=\"og:type\" content=\"article\" \/>\n<meta property=\"og:title\" content=\"Gro\u00dfhandel teakholzm\u00f6bel - Gert Snel\" \/>\n<meta property=\"og:description\" content=\"Teakholzm\u00f6bel k\u00f6nnen Sie beim M\u00f6belgro\u00dfh\u00e4ndler Gert Snel Interiors einkaufen. T\u00e4glich neue Artikel, immer unverwechselbar.\" \/>\n<meta property=\"og:url\" content=\"https:\/\/gsdemo.srv02.ehero.es\/de\/grosshandel-teakholzmobel\/\" \/>\n<meta property=\"og:site_name\" content=\"Gert Snel\" \/>\n<meta property=\"article:modified_time\" content=\"2025-11-18T11:33:13+00:00\" \/>\n<meta name=\"twitter:card\" content=\"summary_large_image\" \/>\n<script type=\"application\/ld+json\" class=\"yoast-schema-graph\">{\"@context\":\"https:\/\/schema.org\",\"@graph\":[{\"@type\":\"WebPage\",\"@id\":\"https:\/\/gsdemo.srv02.ehero.es\/de\/grosshandel-teakholzmobel\/\",\"url\":\"https:\/\/gsdemo.srv02.ehero.es\/de\/grosshandel-teakholzmobel\/\",\"name\":\"Gro\u00dfhandel teakholzm\u00f6bel - Gert Snel\",\"isPartOf\":{\"@id\":\"https:\/\/gsdemo.srv02.ehero.es\/de\/#website\"},\"datePublished\":\"2018-10-23T19:47:38+00:00\",\"dateModified\":\"2025-11-18T11:33:13+00:00\",\"description\":\"Teakholzm\u00f6bel k\u00f6nnen Sie beim M\u00f6belgro\u00dfh\u00e4ndler Gert Snel Interiors einkaufen. T\u00e4glich neue Artikel, immer unverwechselbar.\",\"breadcrumb\":{\"@id\":\"https:\/\/gsdemo.srv02.ehero.es\/de\/grosshandel-teakholzmobel\/#breadcrumb\"},\"inLanguage\":\"de\",\"potentialAction\":[{\"@type\":\"ReadAction\",\"target\":[\"https:\/\/gsdemo.srv02.ehero.es\/de\/grosshandel-teakholzmobel\/\"]}]},{\"@type\":\"BreadcrumbList\",\"@id\":\"https:\/\/gsdemo.srv02.ehero.es\/de\/grosshandel-teakholzmobel\/#breadcrumb\",\"itemListElement\":[{\"@type\":\"ListItem\",\"position\":1,\"name\":\"Home\",\"item\":\"https:\/\/gsdemo.srv02.ehero.es\/de\/home-3\/\"},{\"@type\":\"ListItem\",\"position\":2,\"name\":\"Gro\u00dfhandel teakholzm\u00f6bel\"}]},{\"@type\":\"WebSite\",\"@id\":\"https:\/\/gsdemo.srv02.ehero.es\/de\/#website\",\"url\":\"https:\/\/gsdemo.srv02.ehero.es\/de\/\",\"name\":\"Gert Snel\",\"description\":\"\",\"potentialAction\":[{\"@type\":\"SearchAction\",\"target\":{\"@type\":\"EntryPoint\",\"urlTemplate\":\"https:\/\/gsdemo.srv02.ehero.es\/de\/?s={search_term_string}\"},\"query-input\":{\"@type\":\"PropertyValueSpecification\",\"valueRequired\":true,\"valueName\":\"search_term_string\"}}],\"inLanguage\":\"de\"}]}<\/script>\n<!-- \/ Yoast SEO plugin. -->","yoast_head_json":{"title":"Gro\u00dfhandel teakholzm\u00f6bel - Gert Snel","description":"Teakholzm\u00f6bel k\u00f6nnen Sie beim M\u00f6belgro\u00dfh\u00e4ndler Gert Snel Interiors einkaufen. T\u00e4glich neue Artikel, immer unverwechselbar.","robots":{"index":"index","follow":"follow","max-snippet":"max-snippet:-1","max-image-preview":"max-image-preview:large","max-video-preview":"max-video-preview:-1"},"canonical":"https:\/\/gsdemo.srv02.ehero.es\/de\/grosshandel-teakholzmobel\/","og_locale":"de_DE","og_type":"article","og_title":"Gro\u00dfhandel teakholzm\u00f6bel - Gert Snel","og_description":"Teakholzm\u00f6bel k\u00f6nnen Sie beim M\u00f6belgro\u00dfh\u00e4ndler Gert Snel Interiors einkaufen. T\u00e4glich neue Artikel, immer unverwechselbar.","og_url":"https:\/\/gsdemo.srv02.ehero.es\/de\/grosshandel-teakholzmobel\/","og_site_name":"Gert Snel","article_modified_time":"2025-11-18T11:33:13+00:00","twitter_card":"summary_large_image","schema":{"@context":"https:\/\/schema.org","@graph":[{"@type":"WebPage","@id":"https:\/\/gsdemo.srv02.ehero.es\/de\/grosshandel-teakholzmobel\/","url":"https:\/\/gsdemo.srv02.ehero.es\/de\/grosshandel-teakholzmobel\/","name":"Gro\u00dfhandel teakholzm\u00f6bel - Gert Snel","isPartOf":{"@id":"https:\/\/gsdemo.srv02.ehero.es\/de\/#website"},"datePublished":"2018-10-23T19:47:38+00:00","dateModified":"2025-11-18T11:33:13+00:00","description":"Teakholzm\u00f6bel k\u00f6nnen Sie beim M\u00f6belgro\u00dfh\u00e4ndler Gert Snel Interiors einkaufen. T\u00e4glich neue Artikel, immer unverwechselbar.","breadcrumb":{"@id":"https:\/\/gsdemo.srv02.ehero.es\/de\/grosshandel-teakholzmobel\/#breadcrumb"},"inLanguage":"de","potentialAction":[{"@type":"ReadAction","target":["https:\/\/gsdemo.srv02.ehero.es\/de\/grosshandel-teakholzmobel\/"]}]},{"@type":"BreadcrumbList","@id":"https:\/\/gsdemo.srv02.ehero.es\/de\/grosshandel-teakholzmobel\/#breadcrumb","itemListElement":[{"@type":"ListItem","position":1,"name":"Home","item":"https:\/\/gsdemo.srv02.ehero.es\/de\/home-3\/"},{"@type":"ListItem","position":2,"name":"Gro\u00dfhandel teakholzm\u00f6bel"}]},{"@type":"WebSite","@id":"https:\/\/gsdemo.srv02.ehero.es\/de\/#website","url":"https:\/\/gsdemo.srv02.ehero.es\/de\/","name":"Gert Snel","description":"","potentialAction":[{"@type":"SearchAction","target":{"@type":"EntryPoint","urlTemplate":"https:\/\/gsdemo.srv02.ehero.es\/de\/?s={search_term_string}"},"query-input":{"@type":"PropertyValueSpecification","valueRequired":true,"valueName":"search_term_string"}}],"inLanguage":"de"}]}},"_links":{"self":[{"href":"https:\/\/gsdemo.srv02.ehero.es\/de\/wp-json\/wp\/v2\/pages\/936695","targetHints":{"allow":["GET"]}}],"collection":[{"href":"https:\/\/gsdemo.srv02.ehero.es\/de\/wp-json\/wp\/v2\/pages"}],"about":[{"href":"https:\/\/gsdemo.srv02.ehero.es\/de\/wp-json\/wp\/v2\/types\/page"}],"author":[{"embeddable":true,"href":"https:\/\/gsdemo.srv02.ehero.es\/de\/wp-json\/wp\/v2\/users\/1"}],"replies":[{"embeddable":true,"href":"https:\/\/gsdemo.srv02.ehero.es\/de\/wp-json\/wp\/v2\/comments?post=936695"}],"version-history":[{"count":1,"href":"https:\/\/gsdemo.srv02.ehero.es\/de\/wp-json\/wp\/v2\/pages\/936695\/revisions"}],"predecessor-version":[{"id":936696,"href":"https:\/\/gsdemo.srv02.ehero.es\/de\/wp-json\/wp\/v2\/pages\/936695\/revisions\/936696"}],"wp:attachment":[{"href":"https:\/\/gsdemo.srv02.ehero.es\/de\/wp-json\/wp\/v2\/media?parent=936695"}],"curies":[{"name":"wp","href":"https:\/\/api.w.org\/{rel}","templated":true}]}}