{"id":936431,"date":"2018-09-13T15:12:44","date_gmt":"2018-09-13T15:12:44","guid":{"rendered":"https:\/\/gsdemo.srv02.ehero.es\/oud-seite-nicht-gefunden\/"},"modified":"2025-11-18T11:33:05","modified_gmt":"2025-11-18T11:33:05","slug":"oud-seite-nicht-gefunden","status":"publish","type":"page","link":"https:\/\/gsdemo.srv02.ehero.es\/de\/oud-seite-nicht-gefunden\/","title":{"rendered":"OUD-Seite nicht gefunden"},"content":{"rendered":"","protected":false},"excerpt":{"rendered":"","protected":false},"author":1,"featured_media":936258,"parent":0,"menu_order":30,"comment_status":"open","ping_status":"open","template":"","meta":{"footnotes":""},"class_list":["post-936431","page","type-page","status-publish","has-post-thumbnail","hentry"],"yoast_head":"<!-- This site is optimized with the Yoast SEO plugin v26.2 - https:\/\/yoast.com\/wordpress\/plugins\/seo\/ -->\n<title>OUD-Seite nicht gefunden - Gert Snel<\/title>\n<meta name=\"description\" content=\"Leider ist ein Fehler aufgetreten, durch den Ihre Seite nicht gefunden werden konnte. Sie k\u00f6nnen \u00fcber das Men\u00fc eine andere Auswahl treffen.Oder vielleicht geh\u00f6rt Ihre Frage zu unseren h\u00e4ufig gestellten Fragen.\" \/>\n<meta name=\"robots\" content=\"index, follow, max-snippet:-1, max-image-preview:large, max-video-preview:-1\" \/>\n<link rel=\"canonical\" href=\"https:\/\/gsdemo.srv02.ehero.es\/de\/oud-seite-nicht-gefunden\/\" \/>\n<meta property=\"og:locale\" content=\"de_DE\" \/>\n<meta property=\"og:type\" content=\"article\" \/>\n<meta property=\"og:title\" content=\"OUD-Seite nicht gefunden - Gert Snel\" \/>\n<meta property=\"og:description\" content=\"Leider ist ein Fehler aufgetreten, durch den Ihre Seite nicht gefunden werden konnte. Sie k\u00f6nnen \u00fcber das Men\u00fc eine andere Auswahl treffen.Oder vielleicht geh\u00f6rt Ihre Frage zu unseren h\u00e4ufig gestellten Fragen.\" \/>\n<meta property=\"og:url\" content=\"https:\/\/gsdemo.srv02.ehero.es\/de\/oud-seite-nicht-gefunden\/\" \/>\n<meta property=\"og:site_name\" content=\"Gert Snel\" \/>\n<meta property=\"article:modified_time\" content=\"2025-11-18T11:33:05+00:00\" \/>\n<meta property=\"og:image\" content=\"https:\/\/gsdemo.srv02.ehero.es\/wp-content\/uploads\/2025\/11\/X0111475_klein.png\" \/>\n\t<meta property=\"og:image:width\" content=\"1920\" \/>\n\t<meta property=\"og:image:height\" content=\"1280\" \/>\n\t<meta property=\"og:image:type\" content=\"image\/png\" \/>\n<meta name=\"twitter:card\" content=\"summary_large_image\" \/>\n<script type=\"application\/ld+json\" class=\"yoast-schema-graph\">{\"@context\":\"https:\/\/schema.org\",\"@graph\":[{\"@type\":\"WebPage\",\"@id\":\"https:\/\/gsdemo.srv02.ehero.es\/de\/oud-seite-nicht-gefunden\/\",\"url\":\"https:\/\/gsdemo.srv02.ehero.es\/de\/oud-seite-nicht-gefunden\/\",\"name\":\"OUD-Seite nicht gefunden - Gert Snel\",\"isPartOf\":{\"@id\":\"https:\/\/gsdemo.srv02.ehero.es\/de\/#website\"},\"primaryImageOfPage\":{\"@id\":\"https:\/\/gsdemo.srv02.ehero.es\/de\/oud-seite-nicht-gefunden\/#primaryimage\"},\"image\":{\"@id\":\"https:\/\/gsdemo.srv02.ehero.es\/de\/oud-seite-nicht-gefunden\/#primaryimage\"},\"thumbnailUrl\":\"https:\/\/gsdemo.srv02.ehero.es\/wp-content\/uploads\/2025\/11\/X0111475_klein.png\",\"datePublished\":\"2018-09-13T15:12:44+00:00\",\"dateModified\":\"2025-11-18T11:33:05+00:00\",\"description\":\"Leider ist ein Fehler aufgetreten, durch den Ihre Seite nicht gefunden werden konnte. Sie k\u00f6nnen \u00fcber das Men\u00fc eine andere Auswahl treffen.Oder vielleicht geh\u00f6rt Ihre Frage zu unseren h\u00e4ufig gestellten Fragen.\",\"breadcrumb\":{\"@id\":\"https:\/\/gsdemo.srv02.ehero.es\/de\/oud-seite-nicht-gefunden\/#breadcrumb\"},\"inLanguage\":\"de\",\"potentialAction\":[{\"@type\":\"ReadAction\",\"target\":[\"https:\/\/gsdemo.srv02.ehero.es\/de\/oud-seite-nicht-gefunden\/\"]}]},{\"@type\":\"ImageObject\",\"inLanguage\":\"de\",\"@id\":\"https:\/\/gsdemo.srv02.ehero.es\/de\/oud-seite-nicht-gefunden\/#primaryimage\",\"url\":\"https:\/\/gsdemo.srv02.ehero.es\/wp-content\/uploads\/2025\/11\/X0111475_klein.png\",\"contentUrl\":\"https:\/\/gsdemo.srv02.ehero.es\/wp-content\/uploads\/2025\/11\/X0111475_klein.png\",\"width\":1920,\"height\":1280},{\"@type\":\"BreadcrumbList\",\"@id\":\"https:\/\/gsdemo.srv02.ehero.es\/de\/oud-seite-nicht-gefunden\/#breadcrumb\",\"itemListElement\":[{\"@type\":\"ListItem\",\"position\":1,\"name\":\"Home\",\"item\":\"https:\/\/gsdemo.srv02.ehero.es\/de\/home-3\/\"},{\"@type\":\"ListItem\",\"position\":2,\"name\":\"OUD-Seite nicht gefunden\"}]},{\"@type\":\"WebSite\",\"@id\":\"https:\/\/gsdemo.srv02.ehero.es\/de\/#website\",\"url\":\"https:\/\/gsdemo.srv02.ehero.es\/de\/\",\"name\":\"Gert Snel\",\"description\":\"\",\"potentialAction\":[{\"@type\":\"SearchAction\",\"target\":{\"@type\":\"EntryPoint\",\"urlTemplate\":\"https:\/\/gsdemo.srv02.ehero.es\/de\/?s={search_term_string}\"},\"query-input\":{\"@type\":\"PropertyValueSpecification\",\"valueRequired\":true,\"valueName\":\"search_term_string\"}}],\"inLanguage\":\"de\"}]}<\/script>\n<!-- \/ Yoast SEO plugin. -->","yoast_head_json":{"title":"OUD-Seite nicht gefunden - Gert Snel","description":"Leider ist ein Fehler aufgetreten, durch den Ihre Seite nicht gefunden werden konnte. Sie k\u00f6nnen \u00fcber das Men\u00fc eine andere Auswahl treffen.Oder vielleicht geh\u00f6rt Ihre Frage zu unseren h\u00e4ufig gestellten Fragen.","robots":{"index":"index","follow":"follow","max-snippet":"max-snippet:-1","max-image-preview":"max-image-preview:large","max-video-preview":"max-video-preview:-1"},"canonical":"https:\/\/gsdemo.srv02.ehero.es\/de\/oud-seite-nicht-gefunden\/","og_locale":"de_DE","og_type":"article","og_title":"OUD-Seite nicht gefunden - Gert Snel","og_description":"Leider ist ein Fehler aufgetreten, durch den Ihre Seite nicht gefunden werden konnte. Sie k\u00f6nnen \u00fcber das Men\u00fc eine andere Auswahl treffen.Oder vielleicht geh\u00f6rt Ihre Frage zu unseren h\u00e4ufig gestellten Fragen.","og_url":"https:\/\/gsdemo.srv02.ehero.es\/de\/oud-seite-nicht-gefunden\/","og_site_name":"Gert Snel","article_modified_time":"2025-11-18T11:33:05+00:00","og_image":[{"width":1920,"height":1280,"url":"https:\/\/gsdemo.srv02.ehero.es\/wp-content\/uploads\/2025\/11\/X0111475_klein.png","type":"image\/png"}],"twitter_card":"summary_large_image","schema":{"@context":"https:\/\/schema.org","@graph":[{"@type":"WebPage","@id":"https:\/\/gsdemo.srv02.ehero.es\/de\/oud-seite-nicht-gefunden\/","url":"https:\/\/gsdemo.srv02.ehero.es\/de\/oud-seite-nicht-gefunden\/","name":"OUD-Seite nicht gefunden - Gert Snel","isPartOf":{"@id":"https:\/\/gsdemo.srv02.ehero.es\/de\/#website"},"primaryImageOfPage":{"@id":"https:\/\/gsdemo.srv02.ehero.es\/de\/oud-seite-nicht-gefunden\/#primaryimage"},"image":{"@id":"https:\/\/gsdemo.srv02.ehero.es\/de\/oud-seite-nicht-gefunden\/#primaryimage"},"thumbnailUrl":"https:\/\/gsdemo.srv02.ehero.es\/wp-content\/uploads\/2025\/11\/X0111475_klein.png","datePublished":"2018-09-13T15:12:44+00:00","dateModified":"2025-11-18T11:33:05+00:00","description":"Leider ist ein Fehler aufgetreten, durch den Ihre Seite nicht gefunden werden konnte. Sie k\u00f6nnen \u00fcber das Men\u00fc eine andere Auswahl treffen.Oder vielleicht geh\u00f6rt Ihre Frage zu unseren h\u00e4ufig gestellten Fragen.","breadcrumb":{"@id":"https:\/\/gsdemo.srv02.ehero.es\/de\/oud-seite-nicht-gefunden\/#breadcrumb"},"inLanguage":"de","potentialAction":[{"@type":"ReadAction","target":["https:\/\/gsdemo.srv02.ehero.es\/de\/oud-seite-nicht-gefunden\/"]}]},{"@type":"ImageObject","inLanguage":"de","@id":"https:\/\/gsdemo.srv02.ehero.es\/de\/oud-seite-nicht-gefunden\/#primaryimage","url":"https:\/\/gsdemo.srv02.ehero.es\/wp-content\/uploads\/2025\/11\/X0111475_klein.png","contentUrl":"https:\/\/gsdemo.srv02.ehero.es\/wp-content\/uploads\/2025\/11\/X0111475_klein.png","width":1920,"height":1280},{"@type":"BreadcrumbList","@id":"https:\/\/gsdemo.srv02.ehero.es\/de\/oud-seite-nicht-gefunden\/#breadcrumb","itemListElement":[{"@type":"ListItem","position":1,"name":"Home","item":"https:\/\/gsdemo.srv02.ehero.es\/de\/home-3\/"},{"@type":"ListItem","position":2,"name":"OUD-Seite nicht gefunden"}]},{"@type":"WebSite","@id":"https:\/\/gsdemo.srv02.ehero.es\/de\/#website","url":"https:\/\/gsdemo.srv02.ehero.es\/de\/","name":"Gert Snel","description":"","potentialAction":[{"@type":"SearchAction","target":{"@type":"EntryPoint","urlTemplate":"https:\/\/gsdemo.srv02.ehero.es\/de\/?s={search_term_string}"},"query-input":{"@type":"PropertyValueSpecification","valueRequired":true,"valueName":"search_term_string"}}],"inLanguage":"de"}]}},"_links":{"self":[{"href":"https:\/\/gsdemo.srv02.ehero.es\/de\/wp-json\/wp\/v2\/pages\/936431","targetHints":{"allow":["GET"]}}],"collection":[{"href":"https:\/\/gsdemo.srv02.ehero.es\/de\/wp-json\/wp\/v2\/pages"}],"about":[{"href":"https:\/\/gsdemo.srv02.ehero.es\/de\/wp-json\/wp\/v2\/types\/page"}],"author":[{"embeddable":true,"href":"https:\/\/gsdemo.srv02.ehero.es\/de\/wp-json\/wp\/v2\/users\/1"}],"replies":[{"embeddable":true,"href":"https:\/\/gsdemo.srv02.ehero.es\/de\/wp-json\/wp\/v2\/comments?post=936431"}],"version-history":[{"count":1,"href":"https:\/\/gsdemo.srv02.ehero.es\/de\/wp-json\/wp\/v2\/pages\/936431\/revisions"}],"predecessor-version":[{"id":936434,"href":"https:\/\/gsdemo.srv02.ehero.es\/de\/wp-json\/wp\/v2\/pages\/936431\/revisions\/936434"}],"wp:featuredmedia":[{"embeddable":true,"href":"https:\/\/gsdemo.srv02.ehero.es\/de\/wp-json\/wp\/v2\/media\/936258"}],"wp:attachment":[{"href":"https:\/\/gsdemo.srv02.ehero.es\/de\/wp-json\/wp\/v2\/media?parent=936431"}],"curies":[{"name":"wp","href":"https:\/\/api.w.org\/{rel}","templated":true}]}}